{"id":7,"date":"2019-09-27T15:53:37","date_gmt":"2019-09-27T13:53:37","guid":{"rendered":"https:\/\/vulpitest.site\/?page_id=7"},"modified":"2019-09-27T15:53:37","modified_gmt":"2019-09-27T13:53:37","slug":"charte-de-lassociation","status":"publish","type":"page","link":"https:\/\/le-point-de-capiton.net\/index.php\/charte-de-lassociation\/","title":{"rendered":"Charte de l&rsquo;association"},"content":{"rendered":"\n<p>Le Point de Capiton a pour vocation de permettre la rencontre des personnes psychanalystes\n    ou non, qui interpell\u00e9es par cette exp\u00e9rience de l&rsquo;inconscient en quoi consiste une\n    psychanalyse, creusent leur sillon dans des domaines o\u00f9 il est n\u00e9cessaire d&rsquo;\u00eatre\n    r\u00e9veill\u00e9, d\u00e9rang\u00e9, stimul\u00e9, pour que le d\u00e9sir de savoir ne s&rsquo;efface pas devant les\n    savoirs dogmatiques ;<\/p>\n\n\n\n<p>champ psychanalytique bien s\u00fbr, domaine de l&rsquo;art, mais aussi de la philosophie, ou\n    de l&rsquo;\u00e9ducation, de la clinique m\u00e9dicale, comme des sciences dont on sait l&rsquo;apport\n    d\u00e9terminant pour certaines , dans les avanc\u00e9es de la recherche en psychanalyse.<\/p>\n\n\n\n<p>Le Point de Capiton se veut espace de recherches : lieu pour travailler avec d&rsquo;autres,\n    afin que se d\u00e9gagent pour chacun, \u00e0 travers le trajet qui lui est personnel, ses\n    propres interrogations, et pour que celles-ci soient une relance possible de la r\u00e9flexion\n    pour d&rsquo;autres.<\/p>\n\n\n\n<p>Le Point de Capiton se veut lieu d&rsquo;enseignement, mais il n\u2019est pas de formation sans\n    recherche et sans r\u00e9flexion sur la recherche elle-m\u00eame ; l&rsquo;enseignement s&rsquo;en d\u00e9duit\n    donc.<\/p>\n\n\n\n<p>Enfin, le Point de Capiton peut, du fait des rencontres qu&rsquo;il suscitera, \u00eatre un\n    tremplin pour la mise en place de projets ponctuels ( expositions par exemple) ou\n    de lieux cliniques.<\/p>\n\n\n\n<p>Si les objectifs du \u00a0\u00bb Point de Capiton \u00a0\u00bb vous int\u00e9ressent. Vous pouvez aider cet espace de recherches par une adh\u00e9sion ou un soutien, et en commandant les actes des     colloques. En effet, le Point de Capiton a pour volont\u00e9 de fonctionner sans subvention, afin de pr\u00e9server une libert\u00e9 de parole, seule garante d&rsquo;un v\u00e9ritable espace de recherches. Les intervenants invit\u00e9s parlent donc en leur nom et non pas au nom d&rsquo;un quelconque groupe. Les participants aux rencontres publiques attestent par leur pr\u00e9sence active d&rsquo;une exp\u00e9rience qui se veut vivante. Les frais de participation sont donc ce qu\u2019il faut de r\u00e9alit\u00e9 pour qu\u2019un \u00e9v\u00e9nement se produise, espoir pour de nouvelles rencontres, pour quelques d\u00e9couvertes et \u00e9merveillement!<\/p>\n","protected":false},"excerpt":{"rendered":"<p>Le Point de Capiton a pour vocation de permettre la rencontre des personnes psychanalystes ou non, qui interpell\u00e9es par cette exp\u00e9rience de l&rsquo;inconscient en quoi consiste une psychanalyse, creusent leur &#8230;<\/p>\n","protected":false},"author":1,"featured_media":0,"parent":0,"menu_order":0,"comment_status":"closed","ping_status":"closed","template":"","meta":{"footnotes":""},"class_list":["post-7","page","type-page","status-publish","hentry"],"_links":{"self":[{"href":"https:\/\/le-point-de-capiton.net\/index.php\/wp-json\/wp\/v2\/pages\/7","targetHints":{"allow":["GET"]}}],"collection":[{"href":"https:\/\/le-point-de-capiton.net\/index.php\/wp-json\/wp\/v2\/pages"}],"about":[{"href":"https:\/\/le-point-de-capiton.net\/index.php\/wp-json\/wp\/v2\/types\/page"}],"author":[{"embeddable":true,"href":"https:\/\/le-point-de-capiton.net\/index.php\/wp-json\/wp\/v2\/users\/1"}],"replies":[{"embeddable":true,"href":"https:\/\/le-point-de-capiton.net\/index.php\/wp-json\/wp\/v2\/comments?post=7"}],"version-history":[{"count":0,"href":"https:\/\/le-point-de-capiton.net\/index.php\/wp-json\/wp\/v2\/pages\/7\/revisions"}],"wp:attachment":[{"href":"https:\/\/le-point-de-capiton.net\/index.php\/wp-json\/wp\/v2\/media?parent=7"}],"curies":[{"name":"wp","href":"https:\/\/api.w.org\/{rel}","templated":true}]}}